{"id":1950,"date":"2023-01-09T17:23:43","date_gmt":"2023-01-09T16:23:43","guid":{"rendered":"https:\/\/www.alpin-lodge.fashion\/about\/"},"modified":"2025-11-30T03:32:25","modified_gmt":"2025-11-30T02:32:25","slug":"about","status":"publish","type":"page","link":"https:\/\/www.alpin-lodge.fashion\/en\/about\/","title":{"rendered":"About"},"content":{"rendered":"<h1>\n<p>Perfect for <br \/>this moment<\/p>\n<\/h1>\n<div>\n<p>Style meets opportunity &#8211; mit Alpin Lodge bist Du nicht nur zu jeder Tageszeit perfekt gekleidet, sondern auch in jeder Situation perfekt gesch\u00fctzt &#8211; ein Look, der bleibt.<\/p>\n<\/div>\n<p><p>\n        <a href=\"https:\/\/www.alpin-lodge.fashion\/en\/kontakt\/\">get in touch<\/a>\n    <\/p>\n<\/p>\n<p><img decoding=\"async\" src=\"\/wp-content\/uploads\/2023\/06\/pexels-pixabay-355747.png\" alt=\"\"><br \/>\n<img decoding=\"async\" src=\"\/wp-content\/uploads\/2023\/06\/model-5.png\" alt=\"\"><\/p>\n<h1>the story behind<\/h1>\n<div>\n<p><span data-contrast=\"none\">Die Designerin &amp; Gr\u00fcnderin ist Stadtkind, passionierte Skifahrerin und Software-Ingenieurin in der Finanzbranche. Unterwegs in den Bergen machte sie eine folgenreiche Entdeckung w\u00e4hrend eines besonderen Events \u2013 dem Almabtrieb. Die Bergleute zogen ins Tal, geh\u00fcllt in einen au\u00dfergew\u00f6hnlichen Stoff.<\/span><span data-ccp-props=\"{&quot;201341983&quot;:0,&quot;335559739&quot;:160,&quot;335559740&quot;:259}\">\u00a0<\/span><\/p>\n<p><span data-contrast=\"none\">\u201eLoden\u201c besch\u00fctzt seit Jahrhunderten Hirten, Bergsteiger und J\u00e4ger vor K\u00e4lte, Wind und Wasser. Ein nat\u00fcrlicher High-Tech-Stoff, der in jeder Situation seine Form beh\u00e4lt und perfekt sitzt. Ein Material, das Stil bewahrt.<\/span><span data-ccp-props=\"{&quot;201341983&quot;:0,&quot;335559739&quot;:160,&quot;335559740&quot;:259}\">\u00a0<\/span><\/p>\n<p><span data-contrast=\"none\">Wasserabweisend.<\/span><span data-ccp-props=\"{&quot;201341983&quot;:0,&quot;335559739&quot;:160,&quot;335559740&quot;:259}\"> <br \/><\/span><\/p>\n<p>Temperaturausgleichend.<\/p>\n<p><span data-contrast=\"none\">Winddicht.<\/span><span data-ccp-props=\"{&quot;201341983&quot;:0,&quot;335559739&quot;:160,&quot;335559740&quot;:259}\">\u00a0<\/span><\/p>\n<p><span data-contrast=\"none\">Aber bisher nur als Traditionelle Tracht verf\u00fcgbar.<\/span><span data-ccp-props=\"{&quot;201341983&quot;:0,&quot;335559739&quot;:160,&quot;335559740&quot;:259}\">\u00a0<\/span><span data-contrast=\"none\">Noch nie zuvor gab es Loden in Fashion.<\/span><span data-ccp-props=\"{&quot;201341983&quot;:0,&quot;335559739&quot;:160,&quot;335559740&quot;:259}\">\u00a0 <\/span><span data-contrast=\"none\">Das durfte nicht so bleiben.<\/span><span data-ccp-props=\"{&quot;201341983&quot;:0,&quot;335559739&quot;:160,&quot;335559740&quot;:259}\">\u00a0<\/span><\/p>\n<p><span data-contrast=\"none\">Das Fashionlabel ALPIN LODGE wurde geboren.<\/span><span data-ccp-props=\"{&quot;201341983&quot;:0,&quot;335559739&quot;:160,&quot;335559740&quot;:259}\">\u00a0<\/span><\/p>\n<\/p>\n<\/div>\n<p><img decoding=\"async\" src=\"\/wp-content\/uploads\/2023\/06\/model-1.png\" alt=\"\"><\/p>\n<div><svg xmlns=\"http:\/\/www.w3.org\/2000\/svg\" width=\"960\" height=\"700\" viewbox=\"0 0 960 700\"> <path id=\"Pfad_11\" data-name=\"Pfad 11\" d=\"M0,1081.887H960l-960,700Z\" transform=\"translate(0 -1081.887)\" fill=\"#343434\"><\/path> <\/svg><\/div>\n<h1>Statement zu Alpin Lodge<br \/>\n<\/h1>\n<div>\n<p>Alpin Lodge ist aus meiner Idee entstanden zu zeigen, dass Kleidung aus Naturmaterial genauso l\u00e4ssig, stilvoll und glamour\u00f6s aussehen kann wie aus k\u00fcnstlichen Materialien, die daf\u00fcr oft verwendet werden.<\/p>\n<p>W\u00e4hrend der Entwicklung der ersten Kollektion habe ich gemerkt, wie sehr sich die Kombination von Loden und Leder eignet, l\u00e4ssig-elegante, zeitlose Kleidungsst\u00fccke zu kreieren. Daher ist das die Basis der Kollektion, aus der alle Entw\u00fcrfe entstehen.<\/p>\n<p>Meine Inspiration ist Chicago, eine \u00e4u\u00dferst vielseitige Stadt mit entspannter Atmosph\u00e4re, die von der Sportlichkeit und Leichtigkeit am Lake Michigan \u00fcber den Riverwalk bis hin zur ungezwungen eleganten Magnificent Mile und den schicken Bars und Restaurants einen einzigartigen Lifestyle verspr\u00fcht.<\/p>\n<\/p>\n<\/div>\n<ul>\n<li>\n<p>        <img decoding=\"async\" src=\"\/wp-content\/uploads\/2025\/11\/Generated-Image-November-26-2025-10_45AM-1.png\" alt=\"\"><\/p>\n<h3>Tina1<\/h3>\n<\/li>\n<li>\n<p>        <img decoding=\"async\" src=\"\/wp-content\/uploads\/2025\/02\/Chicago_Tag_quad.jpeg\" alt=\"\"><\/p>\n<h3>Chicago1<\/h3>\n<\/li>\n<li>\n<p>        <img decoding=\"async\" src=\"\/wp-content\/uploads\/2025\/01\/9_CP_2020-10-04_0791_3000.png\" alt=\"\"><\/p>\n<h3>Produktbild MOD#9<\/h3>\n<\/li>\n<\/ul>\n<h1>lets talk<\/h1>\n<p><p>\n        <a href=\"https:\/\/www.alpin-lodge.fashion\/en\/kontakt\/\">get in touch<\/a>\n    <\/p>\n<\/p>\n<h1>This is the beginning \u2013<\/p>\n<div>a new feeling<\/div>\n<\/h1>\n<div>\n<p><span data-contrast=\"none\">Dein unverwechselbarer Begleiter durch die Stadt \u2013 der neue Loden \u2013 hat einen besonderen Charakter: Er ist 100% Natur und bietet Dir so einen unvergleichlichen Tragekomfort. <\/span><span data-ccp-props=\"{&quot;201341983&quot;:0,&quot;335559739&quot;:160,&quot;335559740&quot;:259}\">\u00a0<\/span><\/p>\n<p><span data-contrast=\"none\">Seine Herstellung im Traditionshandwerk verleiht ihm die Eigenschaften, mit denen Du Dich in jeder Situation wohl f\u00fchlst. Verzichte zu keiner Jahreszeit auf Deinen Style.<\/span><span data-ccp-props=\"{&quot;201341983&quot;:0,&quot;335559739&quot;:160,&quot;335559740&quot;:259}\">\u00a0<\/span><\/p>\n<\/div>\n<p><p>\n        <a href=\"https:\/\/www.alpin-lodge.fashion\/en\/kontakt\/\">get in touch<\/a>\n    <\/p>\n<\/p>\n<p><img decoding=\"async\" src=\"\/wp-content\/uploads\/2023\/06\/Wiederholungsraster-3.png\" alt=\"\"><br \/>\n<img decoding=\"async\" src=\"\/wp-content\/uploads\/2023\/06\/city.png\" alt=\"\"><\/p>\n<h1>instagram preshow<\/h1>\n<ul>\n<li>\n<p>        <img decoding=\"async\" src=\"\/wp-content\/uploads\/2023\/01\/about_insta1.jpg\" alt=\"\"><\/p>\n<h3>about_insta1<\/h3>\n<\/li>\n<li>\n<p>        <img decoding=\"async\" src=\"\/wp-content\/uploads\/2023\/01\/about_insta2.jpg\" alt=\"\"><\/p>\n<h3>about_insta2<\/h3>\n<\/li>\n<li>\n<p>        <img decoding=\"async\" src=\"\/wp-content\/uploads\/2023\/01\/about_insta3.jpg\" alt=\"\"><\/p>\n<h3>about_insta3<\/h3>\n<\/li>\n<li>\n<p>        <img decoding=\"async\" src=\"\/wp-content\/uploads\/2023\/01\/about_insta4.jpg\" alt=\"\"><\/p>\n<h3>about_insta4<\/h3>\n<\/li>\n<li>\n<p>        <img decoding=\"async\" src=\"\/wp-content\/uploads\/2023\/06\/about_insta5.jpg\" alt=\"\"><\/p>\n<h3>about_insta4<\/h3>\n<\/li>\n<\/ul>\n<p><!--more--><br \/>\n<!-- {\"type\":\"layout\",\"children\":[{\"type\":\"section\",\"props\":{\"class\":\"tn-section\",\"header_transparent\":true,\"header_transparent_noplaceholder\":false,\"header_transparent_text_color\":\"light\",\"height\":\"viewport\",\"height_offset_top\":true,\"image\":\"wp-content\\\/uploads\\\/2023\\\/06\\\/Chicago_3-1.png\",\"image_position\":\"center-center\",\"image_size\":\"cover\",\"media_blend_mode\":\"multiply\",\"padding_remove_bottom\":false,\"style\":\"secondary\",\"title_breakpoint\":\"xl\",\"title_position\":\"top-left\",\"title_rotation\":\"left\",\"vertical_align\":\"\",\"width\":\"default\"},\"children\":[{\"type\":\"row\",\"children\":[{\"type\":\"column\",\"props\":{\"image_position\":\"center-center\",\"position_sticky_breakpoint\":\"m\"},\"children\":[{\"type\":\"fragment\",\"props\":{\"class\":\"on-top\",\"margin\":\"default\",\"position_left\":\"100\",\"position_top\":\"100\"},\"children\":[{\"type\":\"row\",\"props\":{\"layout\":\"1-2,1-2\",\"margin\":\"default\",\"width\":\"default\"},\"children\":[{\"type\":\"column\",\"props\":{\"image_position\":\"top-left\",\"image_size\":\"contain\",\"position_sticky_breakpoint\":\"m\",\"width_medium\":\"1-2\"},\"children\":[{\"type\":\"headline\",\"props\":{\"content\":\"\n\n<p>Perfect for <br \\\/>this moment<\\\/p>\",\"maxwidth\":\"xlarge\",\"title_element\":\"h1\",\"title_style\":\"heading-medium\"}},{\"type\":\"text\",\"props\":{\"column_breakpoint\":\"m\",\"content\":\"\n\n<p>Style meets opportunity - mit Alpin Lodge bist Du nicht nur zu jeder Tageszeit perfekt gekleidet, sondern auch in jeder Situation perfekt gesch\\u00fctzt - ein Look, der bleibt.<\\\/p>\",\"margin\":\"default\",\"maxwidth\":\"2xlarge\"}},{\"type\":\"button\",\"props\":{\"button_size\":\"large\",\"grid_column_gap\":\"small\",\"grid_row_gap\":\"small\",\"margin\":\"default\"},\"children\":[{\"type\":\"button_item\",\"props\":{\"button_style\":\"primary\",\"content\":\"get in touch\",\"dialog_layout\":\"modal\",\"dialog_offcanvas_flip\":true,\"icon_align\":\"left\",\"link\":\"kontakt\\\/\"}}]}]},{\"type\":\"column\",\"props\":{\"image_position\":\"center-center\",\"position_sticky_breakpoint\":\"m\",\"width_medium\":\"1-2\"}}]}]},{\"type\":\"image\",\"props\":{\"class\":\"tn-bottom\",\"image\":\"wp-content\\\/uploads\\\/2023\\\/06\\\/pexels-pixabay-355747.png\",\"image_svg_color\":\"emphasis\",\"margin\":\"default\"}}]}]}],\"name\":\"head - about\"},{\"type\":\"section\",\"props\":{\"class\":\"tn-section\",\"height\":\"viewport\",\"image_position\":\"center-center\",\"image_size\":\"cover\",\"padding_remove_bottom\":false,\"padding_remove_top\":false,\"style\":\"default\",\"title_breakpoint\":\"xl\",\"title_position\":\"top-left\",\"title_rotation\":\"left\",\"vertical_align\":\"middle\",\"width\":\"default\"},\"children\":[{\"type\":\"row\",\"props\":{\"margin\":\"remove-vertical\"},\"children\":[{\"type\":\"column\",\"props\":{\"image_position\":\"center-center\",\"position_sticky_breakpoint\":\"m\"},\"children\":[{\"type\":\"image\",\"props\":{\"class\":\"tn-top\",\"image\":\"wp-content\\\/uploads\\\/2023\\\/06\\\/model-5.png\",\"image_svg_color\":\"emphasis\",\"margin\":\"default\"}},{\"type\":\"fragment\",\"props\":{\"class\":\"on-top\",\"margin\":\"default\",\"position_left\":\"100\",\"position_top\":\"100\"},\"children\":[{\"type\":\"row\",\"props\":{\"margin\":\"xlarge\",\"margin_remove_top\":true},\"children\":[{\"type\":\"column\",\"props\":{\"image_position\":\"top-left\",\"image_size\":\"contain\",\"position_sticky_breakpoint\":\"m\",\"preserve_color\":false},\"children\":[{\"type\":\"headline\",\"props\":{\"block_align\":\"center\",\"content\":\"the story behind\",\"maxwidth\":\"2xlarge\",\"title_color\":\"success\",\"title_element\":\"h1\",\"title_style\":\"heading-medium\"}},{\"type\":\"text\",\"props\":{\"block_align\":\"center\",\"column_breakpoint\":\"m\",\"content\":\"\n\n<p><span data-contrast=\\\"none\\\">Die Designerin &amp; Gr\\u00fcnderin ist Stadtkind, passionierte Skifahrerin und Software-Ingenieurin in der Finanzbranche. Unterwegs in den Bergen machte sie eine folgenreiche Entdeckung w\\u00e4hrend eines besonderen Events \\u2013 dem Almabtrieb. Die Bergleute zogen ins Tal, geh\\u00fcllt in einen au\\u00dfergew\\u00f6hnlichen Stoff.<\\\/span><span data-ccp-props=\\\"{&quot;201341983&quot;:0,&quot;335559739&quot;:160,&quot;335559740&quot;:259}\\\">\\u00a0<\\\/span><\\\/p>\\n\n\n<p><span data-contrast=\\\"none\\\">\\u201eLoden\\u201c besch\\u00fctzt seit Jahrhunderten Hirten, Bergsteiger und J\\u00e4ger vor K\\u00e4lte, Wind und Wasser. Ein nat\\u00fcrlicher High-Tech-Stoff, der in jeder Situation seine Form beh\\u00e4lt und perfekt sitzt. Ein Material, das Stil bewahrt.<\\\/span><span data-ccp-props=\\\"{&quot;201341983&quot;:0,&quot;335559739&quot;:160,&quot;335559740&quot;:259}\\\">\\u00a0<\\\/span><\\\/p>\\n\n\n<p><span data-contrast=\\\"none\\\">Wasserabweisend.<\\\/span><span data-ccp-props=\\\"{&quot;201341983&quot;:0,&quot;335559739&quot;:160,&quot;335559740&quot;:259}\\\"> <br \\\/><\\\/span><\\\/p>\\n\n\n<p>Temperaturausgleichend.<\\\/p>\\n\n\n<p><span data-contrast=\\\"none\\\">Winddicht.<\\\/span><span data-ccp-props=\\\"{&quot;201341983&quot;:0,&quot;335559739&quot;:160,&quot;335559740&quot;:259}\\\">\\u00a0<\\\/span><\\\/p>\\n\n\n<p><span data-contrast=\\\"none\\\">Aber bisher nur als Traditionelle Tracht verf\\u00fcgbar.<\\\/span><span data-ccp-props=\\\"{&quot;201341983&quot;:0,&quot;335559739&quot;:160,&quot;335559740&quot;:259}\\\">\\u00a0<\\\/span><span data-contrast=\\\"none\\\">Noch nie zuvor gab es Loden in Fashion.<\\\/span><span data-ccp-props=\\\"{&quot;201341983&quot;:0,&quot;335559739&quot;:160,&quot;335559740&quot;:259}\\\">\\u00a0 <\\\/span><span data-contrast=\\\"none\\\">Das durfte nicht so bleiben.<\\\/span><span data-ccp-props=\\\"{&quot;201341983&quot;:0,&quot;335559739&quot;:160,&quot;335559740&quot;:259}\\\">\\u00a0<\\\/span><\\\/p>\\n\n\n<p><span data-contrast=\\\"none\\\">Das Fashionlabel ALPIN LODGE wurde geboren.<\\\/span><span data-ccp-props=\\\"{&quot;201341983&quot;:0,&quot;335559739&quot;:160,&quot;335559740&quot;:259}\\\">\\u00a0<\\\/span><\\\/p>\\n\n\n<p><\\\/p>\",\"margin\":\"default\",\"margin_remove_top\":false,\"maxwidth\":\"2xlarge\"}}]}]}]},{\"type\":\"image\",\"props\":{\"class\":\"tn-bottom\",\"image\":\"wp-content\\\/uploads\\\/2023\\\/06\\\/model-1.png\",\"image_svg_color\":\"emphasis\",\"margin\":\"default\",\"text_align\":\"right\"}}]}]}],\"name\":\"story\"},{\"type\":\"section\",\"props\":{\"class\":\"tn-section\",\"height\":\"viewport\",\"image_position\":\"center-center\",\"image_size\":\"cover\",\"padding_remove_bottom\":false,\"style\":\"default\",\"title_breakpoint\":\"xl\",\"title_position\":\"top-left\",\"title_rotation\":\"left\",\"vertical_align\":\"middle\",\"width\":\"\"},\"children\":[{\"type\":\"row\",\"props\":{\"margin\":\"remove-vertical\",\"width\":\"default\"},\"children\":[{\"type\":\"column\",\"props\":{\"image_position\":\"center-center\",\"position_sticky_breakpoint\":\"m\"},\"children\":[{\"type\":\"text\",\"props\":{\"class\":\"tn-top\",\"column_breakpoint\":\"m\",\"content\":\"<svg xmlns=\\\"http:\\\/\\\/www.w3.org\\\/2000\\\/svg\\\" width=\\\"960\\\" height=\\\"700\\\" viewbox=\\\"0 0 960 700\\\"> <path id=\\\"Pfad_11\\\" data-name=\\\"Pfad 11\\\" d=\\\"M0,1081.887H960l-960,700Z\\\" transform=\\\"translate(0 -1081.887)\\\" fill=\\\"#343434\\\"><\\\/path> <\\\/svg>\",\"margin\":\"default\"}},{\"type\":\"fragment\",\"props\":{\"class\":\"on-top\",\"margin\":\"default\",\"position_left\":\"100\",\"position_top\":\"100\"},\"children\":[{\"type\":\"row\",\"props\":{\"margin\":\"xlarge\"},\"children\":[{\"type\":\"column\",\"props\":{\"image_position\":\"center-center\",\"position_sticky_breakpoint\":\"m\"},\"children\":[{\"type\":\"headline\",\"props\":{\"content\":\"Statement zu Alpin Lodge\\n\",\"title_color\":\"danger\",\"title_element\":\"h1\",\"title_style\":\"heading-medium\"}}]}]},{\"type\":\"row\",\"props\":{\"layout\":\"1-2,1-2\",\"margin\":\"default\"},\"children\":[{\"type\":\"column\",\"props\":{\"image_position\":\"top-left\",\"image_size\":\"contain\",\"position_sticky_breakpoint\":\"m\",\"preserve_color\":false,\"vertical_align\":\"middle\",\"width_medium\":\"1-2\"},\"children\":[{\"type\":\"text\",\"props\":{\"column_breakpoint\":\"m\",\"content\":\"\n\n<p>Alpin Lodge ist aus meiner Idee entstanden zu zeigen, dass Kleidung aus Naturmaterial genauso l\\u00e4ssig, stilvoll und glamour\\u00f6s aussehen kann wie aus k\\u00fcnstlichen Materialien, die daf\\u00fcr oft verwendet werden.<\\\/p>\\n\n\n<p>W\\u00e4hrend der Entwicklung der ersten Kollektion habe ich gemerkt, wie sehr sich die Kombination von Loden und Leder eignet, l\\u00e4ssig-elegante, zeitlose Kleidungsst\\u00fccke zu kreieren. Daher ist das die Basis der Kollektion, aus der alle Entw\\u00fcrfe entstehen.<\\\/p>\\n\n\n<p>Meine Inspiration ist Chicago, eine \\u00e4u\\u00dferst vielseitige Stadt mit entspannter Atmosph\\u00e4re, die von der Sportlichkeit und Leichtigkeit am Lake Michigan \\u00fcber den Riverwalk bis hin zur ungezwungen eleganten Magnificent Mile und den schicken Bars und Restaurants einen einzigartigen Lifestyle verspr\\u00fcht.<\\\/p>\\n\n\n<p><\\\/p>\",\"margin\":\"large\",\"maxwidth\":\"2xlarge\"}}]},{\"type\":\"column\",\"props\":{\"image_position\":\"center-center\",\"position_sticky_breakpoint\":\"m\",\"width_medium\":\"1-2\"},\"children\":[{\"type\":\"image\",\"props\":{\"image\":\"wp-content\\\/uploads\\\/2023\\\/06\\\/CP_2020-10-04_0791_3000.png\",\"image_svg_color\":\"emphasis\",\"margin\":\"default\",\"status\":\"disabled\",\"text_align\":\"center\"}},{\"type\":\"slideshow\",\"props\":{\"height_expand\":false,\"link_style\":\"default\",\"link_text\":\"Read more\",\"margin\":\"default\",\"meta_align\":\"below-title\",\"meta_element\":\"div\",\"meta_style\":\"text-meta\",\"nav\":\"thumbnav\",\"nav_align\":\"center\",\"nav_below\":true,\"nav_breakpoint\":\"s\",\"nav_hover\":false,\"nav_position\":\"bottom-center\",\"nav_position_margin\":\"medium\",\"nav_vertical\":false,\"overlay_animation\":\"parallax\",\"overlay_position\":\"center-left\",\"show_content\":true,\"show_link\":true,\"show_meta\":false,\"show_thumbnail\":true,\"show_title\":false,\"slidenav\":\"default\",\"slidenav_breakpoint\":\"s\",\"slidenav_hover\":false,\"slidenav_large\":false,\"slidenav_margin\":\"\",\"slidenav_outside_breakpoint\":\"xl\",\"slideshow_autoplay_pause\":true,\"slideshow_height\":\"viewport\",\"slideshow_height_viewport\":90,\"slideshow_min_height\":300,\"slideshow_parallax\":false,\"thumbnav_height\":\"75\",\"thumbnav_svg_color\":\"emphasis\",\"thumbnav_width\":\"100\",\"title_element\":\"h3\",\"title_hover_style\":\"reset\"},\"children\":[{\"type\":\"slideshow_item\",\"props\":{\"image\":\"wp-content\\\/uploads\\\/2025\\\/11\\\/Generated-Image-November-26-2025-10_45AM-1.png\",\"title\":\"Tina1\"}},{\"type\":\"slideshow_item\",\"props\":{\"image\":\"wp-content\\\/uploads\\\/2025\\\/02\\\/Chicago_Tag_quad.jpeg\",\"title\":\"Chicago1\"}},{\"type\":\"slideshow_item\",\"props\":{\"image\":\"wp-content\\\/uploads\\\/2025\\\/01\\\/9_CP_2020-10-04_0791_3000.png\",\"title\":\"Produktbild MOD#9\"}}]}]}]},{\"type\":\"row\",\"props\":{\"layout\":\"1-2,1-2\",\"margin\":\"default\"},\"children\":[{\"type\":\"column\",\"props\":{\"image_position\":\"top-left\",\"image_size\":\"contain\",\"position_sticky_breakpoint\":\"m\",\"preserve_color\":false,\"vertical_align\":\"middle\",\"width_medium\":\"1-2\",\"width_small\":\"1-2\"},\"children\":[{\"type\":\"headline\",\"props\":{\"content\":\"lets talk\",\"title_color\":\"danger\",\"title_element\":\"h1\",\"title_style\":\"heading-medium\"}}]},{\"type\":\"column\",\"props\":{\"image_position\":\"center-center\",\"position_sticky_breakpoint\":\"m\",\"vertical_align\":\"middle\",\"width_medium\":\"1-2\",\"width_small\":\"1-2\"},\"children\":[{\"type\":\"button\",\"props\":{\"button_size\":\"large\",\"grid_column_gap\":\"small\",\"grid_row_gap\":\"small\",\"margin\":\"default\",\"text_align\":\"center\",\"text_align_breakpoint\":\"s\",\"text_align_fallback\":\"left\"},\"children\":[{\"type\":\"button_item\",\"props\":{\"button_style\":\"danger\",\"content\":\"get in touch\",\"dialog_layout\":\"modal\",\"dialog_offcanvas_flip\":true,\"icon_align\":\"left\",\"link\":\"kontakt\\\/\"}}]}]}]}]}]}]}],\"name\":\"statement\"},{\"type\":\"section\",\"props\":{\"class\":\"tn-section\",\"height\":\"viewport\",\"image_position\":\"center-center\",\"image_size\":\"cover\",\"padding_remove_bottom\":false,\"padding_remove_top\":false,\"style\":\"secondary\",\"title_breakpoint\":\"xl\",\"title_position\":\"top-left\",\"title_rotation\":\"left\",\"vertical_align\":\"middle\",\"width\":\"default\"},\"children\":[{\"type\":\"row\",\"props\":{\"margin\":\"remove-vertical\"},\"children\":[{\"type\":\"column\",\"props\":{\"image_position\":\"center-center\",\"position_sticky_breakpoint\":\"m\"},\"children\":[{\"type\":\"fragment\",\"props\":{\"class\":\"on-top\",\"margin\":\"default\",\"position_left\":\"100\",\"position_top\":\"100\"},\"children\":[{\"type\":\"row\",\"props\":{\"margin\":\"xlarge\",\"margin_remove_top\":true},\"children\":[{\"type\":\"column\",\"props\":{\"image_position\":\"top-left\",\"image_size\":\"contain\",\"position_sticky_breakpoint\":\"m\",\"preserve_color\":false},\"children\":[{\"type\":\"headline\",\"props\":{\"block_align\":\"center\",\"content\":\"This is the beginning \\u2013\\n\n\n<div>a new feeling<\\\/div>\",\"title_color\":\"warning\",\"title_element\":\"h1\",\"title_style\":\"heading-medium\"}},{\"type\":\"text\",\"props\":{\"column_breakpoint\":\"m\",\"content\":\"\n\n<p><span data-contrast=\\\"none\\\">Dein unverwechselbarer Begleiter durch die Stadt \\u2013 der neue Loden \\u2013 hat einen besonderen Charakter: Er ist 100% Natur und bietet Dir so einen unvergleichlichen Tragekomfort. <\\\/span><span data-ccp-props=\\\"{&quot;201341983&quot;:0,&quot;335559739&quot;:160,&quot;335559740&quot;:259}\\\">\\u00a0<\\\/span><\\\/p>\\n\n\n<p><span data-contrast=\\\"none\\\">Seine Herstellung im Traditionshandwerk verleiht ihm die Eigenschaften, mit denen Du Dich in jeder Situation wohl f\\u00fchlst. Verzichte zu keiner Jahreszeit auf Deinen Style.<\\\/span><span data-ccp-props=\\\"{&quot;201341983&quot;:0,&quot;335559739&quot;:160,&quot;335559740&quot;:259}\\\">\\u00a0<\\\/span><\\\/p>\",\"margin\":\"large\",\"margin_remove_top\":false,\"maxwidth\":\"xlarge\"}},{\"type\":\"button\",\"props\":{\"button_size\":\"large\",\"grid_column_gap\":\"small\",\"grid_row_gap\":\"small\",\"margin\":\"default\"},\"children\":[{\"type\":\"button_item\",\"props\":{\"button_style\":\"secondary\",\"content\":\"get in touch\",\"dialog_layout\":\"modal\",\"dialog_offcanvas_flip\":true,\"icon_align\":\"left\",\"link\":\"kontakt\\\/\"}}],\"name\":\"button gelb\"}]}]}]},{\"type\":\"image\",\"props\":{\"class\":\"tn-bottom\",\"image\":\"wp-content\\\/uploads\\\/2023\\\/06\\\/Wiederholungsraster-3.png\",\"image_svg_color\":\"emphasis\",\"margin\":\"default\",\"text_align\":\"right\"}}]}]}],\"name\":\"loden\"},{\"type\":\"section\",\"props\":{\"class\":\"tn-section\",\"height\":\"viewport\",\"height_viewport\":80,\"image_position\":\"center-center\",\"image_size\":\"cover\",\"padding_remove_bottom\":false,\"style\":\"default\",\"title_breakpoint\":\"xl\",\"title_position\":\"top-left\",\"title_rotation\":\"left\",\"vertical_align\":\"bottom\",\"width\":\"\"},\"children\":[{\"type\":\"row\",\"props\":{\"margin\":\"remove-vertical\",\"width\":\"default\"},\"children\":[{\"type\":\"column\",\"props\":{\"image_position\":\"center-center\",\"position_sticky_breakpoint\":\"m\"},\"children\":[{\"type\":\"image\",\"props\":{\"class\":\"tn-top\",\"image\":\"wp-content\\\/uploads\\\/2023\\\/06\\\/city.png\",\"image_svg_color\":\"emphasis\",\"margin\":\"default\"}},{\"type\":\"fragment\",\"props\":{\"class\":\"on-top\",\"margin\":\"default\",\"position_left\":\"100\",\"position_top\":\"100\"},\"children\":[{\"type\":\"row\",\"children\":[{\"type\":\"column\",\"props\":{\"image_position\":\"center-center\",\"position_sticky_breakpoint\":\"m\"},\"children\":[{\"type\":\"headline\",\"props\":{\"content\":\"instagram preshow\",\"text_align\":\"right\",\"text_align_breakpoint\":\"m\",\"text_align_fallback\":\"left\",\"title_element\":\"h1\",\"title_style\":\"heading-medium\"}},{\"type\":\"gallery\",\"props\":{\"css\":\"@media (min-width: 640px) and (max-width: 960px)\\n{\\n    .uk-grid :nth-child(n + 4) \\n    {\\n        display: none;\\n    }\\n}\\n    \\n@media (max-width: 640px)\\n{\\n    .uk-grid :nth-child(n + 3) \\n    {\\n        display: none;\\n    }\\n}\",\"filter_align\":\"left\",\"filter_all\":true,\"filter_grid_breakpoint\":\"m\",\"filter_grid_width\":\"auto\",\"filter_position\":\"top\",\"filter_style\":\"tab\",\"grid_column_gap\":\"collapse\",\"grid_default\":\"2\",\"grid_medium\":\"5\",\"grid_row_gap\":\"collapse\",\"grid_small\":\"3\",\"item_animation\":true,\"lightbox_bg_close\":true,\"link_style\":\"default\",\"link_text\":\"Read more\",\"margin\":\"default\",\"meta_align\":\"below-title\",\"meta_element\":\"div\",\"meta_style\":\"text-meta\",\"overlay_hover\":true,\"overlay_mode\":\"cover\",\"overlay_position\":\"center\",\"overlay_style\":\"\",\"overlay_transition\":\"fade\",\"show_content\":false,\"show_hover_image\":true,\"show_hover_video\":true,\"show_link\":false,\"show_meta\":false,\"show_title\":false,\"text_align\":\"center\",\"text_color\":\"light\",\"title_element\":\"h3\",\"title_hover_style\":\"reset\"},\"children\":[{\"type\":\"gallery_item\",\"props\":{\"image\":\"wp-content\\\/uploads\\\/2023\\\/01\\\/about_insta1.jpg\",\"title\":\"about_insta1\"}},{\"type\":\"gallery_item\",\"props\":{\"image\":\"wp-content\\\/uploads\\\/2023\\\/01\\\/about_insta2.jpg\",\"title\":\"about_insta2\"}},{\"type\":\"gallery_item\",\"props\":{\"image\":\"wp-content\\\/uploads\\\/2023\\\/01\\\/about_insta3.jpg\",\"title\":\"about_insta3\"}},{\"type\":\"gallery_item\",\"props\":{\"image\":\"wp-content\\\/uploads\\\/2023\\\/01\\\/about_insta4.jpg\",\"title\":\"about_insta4\"}},{\"type\":\"gallery_item\",\"props\":{\"image\":\"wp-content\\\/uploads\\\/2023\\\/06\\\/about_insta5.jpg\",\"title\":\"about_insta4\"}}]}]}]}]}]}]}],\"name\":\"insta\"}],\"version\":\"4.5.32\",\"yooessentialsVersion\":\"2.4.11\"} --><\/p>\n","protected":false},"excerpt":{"rendered":"<p>Perfect for this moment Style meets opportunity &#8211; mit Alpin Lodge bist Du nicht nur zu jeder Tageszeit perfekt gekleidet, sondern auch in jeder Situation perfekt gesch\u00fctzt &#8211; ein Look, der bleibt. get in touch the story behind Die Designerin &amp; Gr\u00fcnderin ist Stadtkind, passionierte Skifahrerin und Software-Ingenieurin in der Finanzbranche. Unterwegs in den Bergen [&hellip;]<\/p>\n","protected":false},"author":2,"featured_media":0,"parent":0,"menu_order":1,"comment_status":"closed","ping_status":"closed","template":"","meta":{"_acf_changed":false,"footnotes":""},"class_list":["post-1950","page","type-page","status-publish","hentry"],"acf":[],"_links":{"self":[{"href":"https:\/\/www.alpin-lodge.fashion\/en\/wp-json\/wp\/v2\/pages\/1950","targetHints":{"allow":["GET"]}}],"collection":[{"href":"https:\/\/www.alpin-lodge.fashion\/en\/wp-json\/wp\/v2\/pages"}],"about":[{"href":"https:\/\/www.alpin-lodge.fashion\/en\/wp-json\/wp\/v2\/types\/page"}],"author":[{"embeddable":true,"href":"https:\/\/www.alpin-lodge.fashion\/en\/wp-json\/wp\/v2\/users\/2"}],"replies":[{"embeddable":true,"href":"https:\/\/www.alpin-lodge.fashion\/en\/wp-json\/wp\/v2\/comments?post=1950"}],"version-history":[{"count":16,"href":"https:\/\/www.alpin-lodge.fashion\/en\/wp-json\/wp\/v2\/pages\/1950\/revisions"}],"predecessor-version":[{"id":3624,"href":"https:\/\/www.alpin-lodge.fashion\/en\/wp-json\/wp\/v2\/pages\/1950\/revisions\/3624"}],"wp:attachment":[{"href":"https:\/\/www.alpin-lodge.fashion\/en\/wp-json\/wp\/v2\/media?parent=1950"}],"curies":[{"name":"wp","href":"https:\/\/api.w.org\/{rel}","templated":true}]}}